{"id":1125,"date":"2019-11-22T13:46:33","date_gmt":"2019-11-22T11:46:33","guid":{"rendered":"https:\/\/www.bioaillaments.com\/rehabilitacion-fibra-de-madera\/"},"modified":"2020-01-07T15:34:32","modified_gmt":"2020-01-07T13:34:32","slug":"rehabilitacion-fibra-de-madera","status":"publish","type":"page","link":"https:\/\/www.bioaillaments.com\/es\/rehabilitacion-fibra-de-madera\/","title":{"rendered":"Rehabilitaci\u00f3n fibra de madera"},"content":{"rendered":"<p>[et_pb_section fb_built=\u00bb1&#8243; custom_padding_last_edited=\u00bbon|tablet\u00bb admin_label=\u00bbPackages\u00bb _builder_version=\u00bb3.22&#8243; custom_padding=\u00bb0px||110px|||\u00bb custom_padding_tablet=\u00bb0px||0px|\u00bb fb_built=\u00bb1&#8243; _i=\u00bb0&#8243; _address=\u00bb0&#8243;][et_pb_row custom_padding_last_edited=\u00bbon|phone\u00bb admin_label=\u00bbPackages Title\u00bb _builder_version=\u00bb3.25&#8243; custom_padding=\u00bb30px|0px|51px|0px||\u00bb custom_padding_tablet=\u00bb60px||0px|\u00bb locked=\u00bboff\u00bb _i=\u00bb0&#8243; _address=\u00bb0.0&#8243;][et_pb_column type=\u00bb4_4&#8243; _builder_version=\u00bb3.25&#8243; custom_padding=\u00bb|||\u00bb _i=\u00bb0&#8243; _address=\u00bb0.0.0&#8243; custom_padding__hover=\u00bb|||\u00bb][et_pb_text _builder_version=\u00bb3.29.3&#8243; text_font=\u00bb||||\u00bb text_text_color=\u00bb#1a1a1a\u00bb header_font=\u00bbOswald|on||on|\u00bb header_text_align=\u00bbcenter\u00bb header_font_size=\u00bb60px\u00bb header_line_height=\u00bb1.3em\u00bb module_alignment=\u00bbcenter\u00bb custom_margin=\u00bb|||\u00bb custom_padding=\u00bb|||\u00bb animation_style=\u00bbslide\u00bb animation_direction=\u00bbtop\u00bb animation_intensity_slide=\u00bb10%\u00bb locked=\u00bboff\u00bb _i=\u00bb0&#8243; _address=\u00bb0.0.0.0&#8243;]<\/p>\n<h1 style=\"text-align: center;\">REHABILITACI\u00d3N<\/h1>\n<p>[\/et_pb_text][et_pb_text _builder_version=\u00bb3.29.3&#8243; text_font=\u00bb||||\u00bb text_text_color=\u00bb#1a1a1a\u00bb header_font=\u00bbOswald|on||on|\u00bb header_text_align=\u00bbcenter\u00bb header_font_size=\u00bb60px\u00bb header_line_height=\u00bb1.3em\u00bb module_alignment=\u00bbcenter\u00bb custom_margin=\u00bb|||\u00bb custom_padding=\u00bb|||\u00bb animation_style=\u00bbslide\u00bb animation_direction=\u00bbtop\u00bb animation_intensity_slide=\u00bb10%\u00bb locked=\u00bboff\u00bb _i=\u00bb1&#8243; _address=\u00bb0.0.0.1&#8243;]<\/p>\n<h2 style=\"text-align: center;\">Fibra de madera<\/h2>\n<p>[\/et_pb_text][et_pb_divider divider_position=\u00bbcenter\u00bb divider_weight=\u00bb3px\u00bb disabled_on=\u00bboff|off|off\u00bb _builder_version=\u00bb3.29.3&#8243; max_width=\u00bb150px\u00bb module_alignment=\u00bbcenter\u00bb height=\u00bbfalse\u00bb custom_margin=\u00bb30px|||\u00bb animation_style=\u00bbslide\u00bb animation_direction=\u00bbtop\u00bb animation_delay=\u00bb100ms\u00bb animation_intensity_slide=\u00bb10%\u00bb locked=\u00bboff\u00bb _i=\u00bb2&#8243; _address=\u00bb0.0.0.2&#8243;][\/et_pb_divider][\/et_pb_column][\/et_pb_row][et_pb_row column_structure=\u00bb1_2,1_2&#8243; admin_label=\u00bbPackage\u00bb _builder_version=\u00bb3.25&#8243; background_size=\u00bbinitial\u00bb background_position=\u00bbtop_left\u00bb background_repeat=\u00bbrepeat\u00bb _i=\u00bb1&#8243; _address=\u00bb0.1&#8243;][et_pb_column type=\u00bb1_2&#8243; _builder_version=\u00bb3.25&#8243; custom_padding=\u00bb|||\u00bb _i=\u00bb0&#8243; _address=\u00bb0.1.0&#8243; custom_padding__hover=\u00bb|||\u00bb][et_pb_image src=\u00bbhttps:\/\/www.bioaillaments.com\/wp-content\/uploads\/2019\/11\/fibra-madera-01-1.jpg\u00bb align_tablet=\u00bbcenter\u00bb align_last_edited=\u00bbon|desktop\u00bb admin_label=\u00bbPackage Image\u00bb _builder_version=\u00bb3.29.3&#8243; animation_style=\u00bbfold\u00bb animation_direction=\u00bbright\u00bb animation_intensity_fold=\u00bb20%\u00bb _i=\u00bb0&#8243; _address=\u00bb0.1.0.0&#8243;][\/et_pb_image][\/et_pb_column][et_pb_column type=\u00bb1_2&#8243; _builder_version=\u00bb3.25&#8243; custom_padding=\u00bb|||\u00bb _i=\u00bb1&#8243; _address=\u00bb0.1.1&#8243; custom_padding__hover=\u00bb|||\u00bb][et_pb_text admin_label=\u00bbPackage Title\u00bb _builder_version=\u00bb3.29.3&#8243; text_font=\u00bbOswald||||\u00bb text_text_color=\u00bb#1a1a1a\u00bb text_font_size=\u00bb24px\u00bb background_size=\u00bbinitial\u00bb background_position=\u00bbtop_left\u00bb background_repeat=\u00bbrepeat\u00bb animation_style=\u00bbzoom\u00bb animation_direction=\u00bbleft\u00bb animation_intensity_zoom=\u00bb10%\u00bb _i=\u00bb0&#8243; _address=\u00bb0.1.1.0&#8243;]<\/p>\n<h2 id=\"ventajas-como-aislante-de-la-fibra-de-madera\">Ventajas como Aislante de la Fibra de Madera<\/h2>\n<p>[\/et_pb_text][et_pb_text admin_label=\u00bbDescription\u00bb _builder_version=\u00bb3.29.3&#8243; text_font=\u00bbRoboto||||\u00bb text_font_size=\u00bb16px\u00bb text_line_height=\u00bb1.8em\u00bb background_size=\u00bbinitial\u00bb background_position=\u00bbtop_left\u00bb background_repeat=\u00bbrepeat\u00bb animation_style=\u00bbzoom\u00bb animation_direction=\u00bbleft\u00bb animation_delay=\u00bb100ms\u00bb animation_intensity_zoom=\u00bb10%\u00bb _i=\u00bb1&#8243; _address=\u00bb0.1.1.1&#8243;]De manera aproximada la fibra de madera a granel tiene una conductividad t\u00e9rmica de 0,038 w \/ m.K. Se considera que un buen aislante se situar\u00e1 entre 0,03 y 0,04. Es un aislamiento eficaz ideal para el confort tanto en verano como en invierno, gracias a su gran inercia t\u00e9rmica. Esto valores son superiores en paneles, donde las fibras de madera se prensan en formato panel.<\/p>\n<p>Se comercializa en m\u00faltiples formatos. Esto es especialmente interesante ya que se puede adquirir en en diferentes espesores y densidades, lo que tiene un efecto directo sobre la capacidad aislante del conjunto. Tambi\u00e9n se pueden adquirir mecanizados o ensamblados, lo que simplifica la uni\u00f3n e instalaci\u00f3n y reduce las p\u00e9rdidas.<\/p>\n<p>Tiene no s\u00f3lo propiedades como aislante t\u00e9rmico, es tambi\u00e9n un buen aislante ac\u00fastico.<\/p>\n<p>Es un producto ecol\u00f3gico. No s\u00f3lo porque se fabrica con materia prima renovable, tambi\u00e9n porque es reciclable al finalizar su funci\u00f3n.<br \/>\nTiene un precio muy competitivo, especialmente si lo comparamos con otras opciones.<\/p>\n<p>La madera regula los niveles de humedad en el interior de la vivienda, manteniendo una situaci\u00f3n de confort. Es decir, tiene propiedades higrosc\u00f3picas.<\/p>\n<p>Cumple con est\u00e1ndares de la construcci\u00f3n de casa pasivas.<\/p>\n<p>No requiere ning\u00fan tipo de mantenimiento.[\/et_pb_text][et_pb_text admin_label=\u00bbPackage Title\u00bb _builder_version=\u00bb3.29.3&#8243; text_font=\u00bbOswald||||\u00bb text_text_color=\u00bb#1a1a1a\u00bb text_font_size=\u00bb24px\u00bb background_size=\u00bbinitial\u00bb background_position=\u00bbtop_left\u00bb background_repeat=\u00bbrepeat\u00bb animation_style=\u00bbzoom\u00bb animation_direction=\u00bbleft\u00bb animation_intensity_zoom=\u00bb10%\u00bb _i=\u00bb2&#8243; _address=\u00bb0.1.1.2&#8243;]<\/p>\n<h2 id=\"ventajas-como-aislante-de-la-fibra-de-madera\"><strong>Fibra de madera a granel<\/strong><\/h2>\n<p>[\/et_pb_text][et_pb_text admin_label=\u00bbDescription\u00bb _builder_version=\u00bb3.29.3&#8243; text_font=\u00bbRoboto||||\u00bb text_font_size=\u00bb16px\u00bb text_line_height=\u00bb1.8em\u00bb background_size=\u00bbinitial\u00bb background_position=\u00bbtop_left\u00bb background_repeat=\u00bbrepeat\u00bb animation_style=\u00bbzoom\u00bb animation_direction=\u00bbleft\u00bb animation_delay=\u00bb100ms\u00bb animation_intensity_zoom=\u00bb10%\u00bb _i=\u00bb3&#8243; _address=\u00bb0.1.1.3&#8243;]Insuflado o inyectado en c\u00e1maras de aire. Se inyectan las fibras de madera en las c\u00e1maras de aire de paredes (principalmente en fachadas, aunque tambi\u00e9n puede utilizarse en paredes interiores) o falsos techos. Se trata de un proceso limpio y r\u00e1pido que no requiere de obras.<br \/>\nSoplado en desvanes y buhardillas no habitados (bajo cubiertas). Consiste en introducir en desvanes o \u00e1ticos sin uso la fibra de madera para evitar las p\u00e9rdidas.[\/et_pb_text][\/et_pb_column][\/et_pb_row][\/et_pb_section][et_pb_section fb_built=\u00bb1&#8243; custom_padding_last_edited=\u00bbon|phone\u00bb admin_label=\u00bbOffer\u00bb _builder_version=\u00bb3.29.3&#8243; background_color=\u00bbrgba(0,0,0,0.5)\u00bb background_image=\u00bbhttps:\/\/www.bioaillaments.com\/wp-content\/uploads\/2019\/10\/breno-assis-r3WAWU5Fi5Q-unsplash.jpg\u00bb background_blend=\u00bbcolor\u00bb custom_padding=\u00bb120px||120px|\u00bb custom_padding_tablet=\u00bb80px||80px|\u00bb locked=\u00bboff\u00bb fb_built=\u00bb1&#8243; _i=\u00bb1&#8243; _address=\u00bb1&#8243;][et_pb_row _builder_version=\u00bb3.25&#8243; custom_margin=\u00bb|||\u00bb _i=\u00bb0&#8243; _address=\u00bb1.0&#8243;][et_pb_column type=\u00bb4_4&#8243; _builder_version=\u00bb3.25&#8243; custom_padding=\u00bb|||\u00bb _i=\u00bb0&#8243; _address=\u00bb1.0.0&#8243; custom_padding__hover=\u00bb|||\u00bb][et_pb_text admin_label=\u00bbCTA Section Subtitle\u00bb _builder_version=\u00bb3.27.4&#8243; text_font=\u00bbRoboto|on||on|\u00bb text_font_size=\u00bb24px\u00bb text_letter_spacing=\u00bb4px\u00bb text_orientation=\u00bbcenter\u00bb background_layout=\u00bbdark\u00bb module_alignment=\u00bbcenter\u00bb animation_style=\u00bbzoom\u00bb animation_intensity_zoom=\u00bb20%\u00bb _i=\u00bb0&#8243; _address=\u00bb1.0.0.0&#8243;] Exclusive Offer [\/et_pb_text][et_pb_text admin_label=\u00bbCTA Section Title\u00bb _builder_version=\u00bb3.27.4&#8243; text_font=\u00bb||||\u00bb header_font=\u00bbOswald|on||on|\u00bb header_text_align=\u00bbcenter\u00bb header_font_size=\u00bb60px\u00bb header_line_height=\u00bb1.3em\u00bb background_layout=\u00bbdark\u00bb module_alignment=\u00bbcenter\u00bb custom_margin=\u00bb|||\u00bb custom_padding=\u00bb|||\u00bb animation_style=\u00bbzoom\u00bb animation_delay=\u00bb100ms\u00bb animation_intensity_zoom=\u00bb20%\u00bb locked=\u00bboff\u00bb _i=\u00bb1&#8243; _address=\u00bb1.0.0.1&#8243;]<\/p>\n<h1>REDUCE UN 50% EL CONSUMO<\/h1>\n<p>[\/et_pb_text][et_pb_divider color=\u00bb#ffffff\u00bb divider_position=\u00bbcenter\u00bb divider_weight=\u00bb3px\u00bb disabled_on=\u00bboff|off|off\u00bb _builder_version=\u00bb3.2&#8243; max_width=\u00bb150px\u00bb module_alignment=\u00bbcenter\u00bb height=\u00bbfalse\u00bb animation_style=\u00bbzoom\u00bb animation_delay=\u00bb200ms\u00bb animation_intensity_zoom=\u00bb20%\u00bb locked=\u00bboff\u00bb _i=\u00bb2&#8243; _address=\u00bb1.0.0.2&#8243;][\/et_pb_divider][et_pb_text _builder_version=\u00bb3.27.4&#8243; text_font=\u00bbRoboto||||\u00bb text_font_size=\u00bb24px\u00bb text_line_height=\u00bb1.4em\u00bb text_orientation=\u00bbcenter\u00bb background_layout=\u00bbdark\u00bb max_width=\u00bb750px\u00bb module_alignment=\u00bbcenter\u00bb custom_padding=\u00bb30px||40px|\u00bb animation_style=\u00bbzoom\u00bb animation_delay=\u00bb300ms\u00bb animation_intensity_zoom=\u00bb20%\u00bb _i=\u00bb3&#8243; _address=\u00bb1.0.0.3&#8243;]Duis aute irure dolor in reprehenderit in voluptate velit esse cillum dolore eu fugiat nulla pariatur.[\/et_pb_text][et_pb_button button_text=\u00bbView Packages\u00bb button_alignment=\u00bbcenter\u00bb _builder_version=\u00bb3.16&#8243; custom_button=\u00bbon\u00bb button_text_color=\u00bb#ffffff\u00bb button_border_radius=\u00bb0px\u00bb button_letter_spacing=\u00bb4px\u00bb button_font=\u00bbOswald|on||on|\u00bb button_icon=\u00bb%%3%%\u00bb button_icon_color=\u00bb#ffffff\u00bb background_layout=\u00bbdark\u00bb animation_style=\u00bbzoom\u00bb animation_delay=\u00bb400ms\u00bb animation_intensity_zoom=\u00bb20%\u00bb button_border_color_hover=\u00bb#ffffff\u00bb button_border_radius_hover=\u00bb0px\u00bb button_letter_spacing_hover=\u00bb4px\u00bb button_bg_color_hover=\u00bbrgba(0,0,0,0)\u00bb _i=\u00bb4&#8243; _address=\u00bb1.0.0.4&#8243; button_text_size__hover_enabled=\u00bboff\u00bb button_one_text_size__hover_enabled=\u00bboff\u00bb button_two_text_size__hover_enabled=\u00bboff\u00bb button_text_color__hover_enabled=\u00bboff\u00bb button_one_text_color__hover_enabled=\u00bboff\u00bb button_two_text_color__hover_enabled=\u00bboff\u00bb button_border_width__hover_enabled=\u00bboff\u00bb button_one_border_width__hover_enabled=\u00bboff\u00bb button_two_border_width__hover_enabled=\u00bboff\u00bb button_border_color__hover_enabled=\u00bbon\u00bb button_border_color__hover=\u00bb#ffffff\u00bb button_one_border_color__hover_enabled=\u00bboff\u00bb button_two_border_color__hover_enabled=\u00bboff\u00bb button_border_radius__hover_enabled=\u00bbon\u00bb button_border_radius__hover=\u00bb0px\u00bb button_one_border_radius__hover_enabled=\u00bboff\u00bb button_two_border_radius__hover_enabled=\u00bboff\u00bb button_letter_spacing__hover_enabled=\u00bbon\u00bb button_letter_spacing__hover=\u00bb4px\u00bb button_one_letter_spacing__hover_enabled=\u00bboff\u00bb button_two_letter_spacing__hover_enabled=\u00bboff\u00bb button_bg_color__hover_enabled=\u00bbon\u00bb button_bg_color__hover=\u00bbrgba(0,0,0,0)\u00bb button_one_bg_color__hover_enabled=\u00bboff\u00bb button_two_bg_color__hover_enabled=\u00bboff\u00bb][\/et_pb_button][\/et_pb_column][\/et_pb_row][\/et_pb_section][et_pb_section fb_built=\u00bb1&#8243; _builder_version=\u00bb3.29.3&#8243; fb_built=\u00bb1&#8243; _i=\u00bb2&#8243; _address=\u00bb2&#8243;][et_pb_row _builder_version=\u00bb3.29.3&#8243; _i=\u00bb0&#8243; _address=\u00bb2.0&#8243;][et_pb_column type=\u00bb4_4&#8243; _builder_version=\u00bb3.29.3&#8243; _i=\u00bb0&#8243; _address=\u00bb2.0.0&#8243;][et_pb_code _builder_version=\u00bb3.29.3&#8243; hover_enabled=\u00bb0&#8243; _i=\u00bb0&#8243; _address=\u00bb2.0.0.0&#8243;]<a class=\"sticky-button\"href=\"https:\/\/www.bioaillaments.com\/es\/contacto\/\"><img decoding=\"async\" src=\"https:\/\/www.bioaillaments.com\/wp-content\/uploads\/2020\/01\/boto-pressupost-lateral-CAST.png\"><\/a>[\/et_pb_code][\/et_pb_column][\/et_pb_row][\/et_pb_section]<\/p>\n","protected":false},"excerpt":{"rendered":"<p>REHABILITACI\u00d3NFibra de maderaVentajas como Aislante de la Fibra de MaderaDe manera aproximada la fibra de madera a granel tiene una conductividad t\u00e9rmica de 0,038 w \/ m.K. Se considera que un buen aislante se situar\u00e1 entre 0,03 y 0,04. Es un aislamiento eficaz ideal para el confort tanto en verano como en invierno, gracias a [&hellip;]<\/p>\n","protected":false},"author":1,"featured_media":0,"parent":0,"menu_order":0,"comment_status":"closed","ping_status":"closed","template":"","meta":{"_et_pb_use_builder":"on","_et_pb_old_content":"","_et_gb_content_width":"","_joinchat":[],"footnotes":""},"class_list":["post-1125","page","type-page","status-publish","hentry"],"_links":{"self":[{"href":"https:\/\/www.bioaillaments.com\/es\/wp-json\/wp\/v2\/pages\/1125","targetHints":{"allow":["GET"]}}],"collection":[{"href":"https:\/\/www.bioaillaments.com\/es\/wp-json\/wp\/v2\/pages"}],"about":[{"href":"https:\/\/www.bioaillaments.com\/es\/wp-json\/wp\/v2\/types\/page"}],"author":[{"embeddable":true,"href":"https:\/\/www.bioaillaments.com\/es\/wp-json\/wp\/v2\/users\/1"}],"replies":[{"embeddable":true,"href":"https:\/\/www.bioaillaments.com\/es\/wp-json\/wp\/v2\/comments?post=1125"}],"version-history":[{"count":3,"href":"https:\/\/www.bioaillaments.com\/es\/wp-json\/wp\/v2\/pages\/1125\/revisions"}],"predecessor-version":[{"id":1244,"href":"https:\/\/www.bioaillaments.com\/es\/wp-json\/wp\/v2\/pages\/1125\/revisions\/1244"}],"wp:attachment":[{"href":"https:\/\/www.bioaillaments.com\/es\/wp-json\/wp\/v2\/media?parent=1125"}],"curies":[{"name":"wp","href":"https:\/\/api.w.org\/{rel}","templated":true}]}}